{"id":58,"date":"2021-02-13T16:43:19","date_gmt":"2021-02-13T15:43:19","guid":{"rendered":"https:\/\/jugenddigital.de\/?page_id=58"},"modified":"2021-02-13T16:43:19","modified_gmt":"2021-02-13T15:43:19","slug":"ueber-jd","status":"publish","type":"page","link":"https:\/\/jugenddigital.de\/?page_id=58","title":{"rendered":"\u00dcber JD"},"content":{"rendered":"\n<p>In weniger als 15 Jahren hat sich unsere Lebenswelt auf rasante Weise durch digitale Ger\u00e4te ver\u00e4ndert. Smartphones und das Internet sind allgegenw\u00e4rtig und pr\u00e4gen unseren Alltag. Mit dieser Entwicklung sind viele neue M\u00f6glichkeiten, etliche Erleichterungen, aber auch neue Probleme verbunden. Gerade Kinder und Jugendliche &#8211; die heute ganz selbstverst\u00e4ndlich mit digitalen Medien aufwachsen &#8211; k\u00f6nnen die Schwierigkeiten \u00fcberhand nehmen und ein guter Ansprechpartner ist oft nicht zur Hand.<\/p>\n\n\n\n<p><strong>JUGEND DIGITAL<\/strong> sammelt interessante Artikel und andere Materialien zum Thema &#8222;<strong><em>Kinder und Jugendliche in einer digitalisierten Welt<\/em><\/strong>&#8220; auf einer zentralen Plattform. Die Webseite soll informieren und eine erste Hilfe beim Thema bieten. F\u00fcr Sch\u00fcler. F\u00fcr Lehrer und P\u00e4dagogen. F\u00fcr Eltern. Und f\u00fcr alle anderen, die sich f\u00fcr das Thema interessieren.<\/p>\n\n\n\n<p>Die Rubriken:<\/p>\n\n\n\n<ul class=\"wp-block-list\"><li><strong>News<\/strong>: Hier findet sich eine Sammlung interessanter Artikel und anderer Materialien im World Wide Web, st\u00e4ndig neu und aktuell<\/li><li><strong>Wissen<\/strong>: L\u00e4ngere Beitr\u00e4ge erkl\u00e4ren in dieser Rubrik die Grundlagen digitaler Medien<\/li><li><strong>Eltern<\/strong>: Ab welchem Alter sollte mein Kind ein Smartphone bekommen? Was ist zu achten? Alle Ratgeber f\u00fcr Eltern werden in dieser Rubrik zusammengefasst<\/li><li><strong>Unterricht<\/strong>: Lehrer und P\u00e4dagogen finden in diesem Bereich Vorschl\u00e4ge und Ideen wie digitale Kompetenz vermittelt und ge\u00fcbt werden kann<\/li><li><strong>Links<\/strong>: W\u00e4hrend der News-Bereich \u00fcber aktuelle Themen und Nachrichten verweist bietet diese Rubrik eine Sammlung l\u00e4ngerfristiger Angebote<\/li><li><strong>Glossar<\/strong>: Die wichtigsten Begriffe verst\u00e4ndlich erkl\u00e4rt<\/li><\/ul>\n","protected":false},"excerpt":{"rendered":"<p>In weniger als 15 Jahren hat sich unsere Lebenswelt auf rasante Weise durch digitale Ger\u00e4te ver\u00e4ndert. Smartphones und das Internet sind allgegenw\u00e4rtig und pr\u00e4gen unseren Alltag. Mit dieser Entwicklung sind viele neue M\u00f6glichkeiten, etliche Erleichterungen, aber auch neue Probleme verbunden. Gerade Kinder und Jugendliche &#8211; die heute ganz selbstverst\u00e4ndlich mit digitalen Medien aufwachsen &#8211; k\u00f6nnen [&hellip;]<\/p>\n","protected":false},"author":2,"featured_media":0,"parent":0,"menu_order":0,"comment_status":"closed","ping_status":"closed","template":"","meta":{"_et_pb_use_builder":"","_et_pb_old_content":"","_et_gb_content_width":"","footnotes":""},"class_list":["post-58","page","type-page","status-publish","hentry"],"_links":{"self":[{"href":"https:\/\/jugenddigital.de\/index.php?rest_route=\/wp\/v2\/pages\/58","targetHints":{"allow":["GET"]}}],"collection":[{"href":"https:\/\/jugenddigital.de\/index.php?rest_route=\/wp\/v2\/pages"}],"about":[{"href":"https:\/\/jugenddigital.de\/index.php?rest_route=\/wp\/v2\/types\/page"}],"author":[{"embeddable":true,"href":"https:\/\/jugenddigital.de\/index.php?rest_route=\/wp\/v2\/users\/2"}],"replies":[{"embeddable":true,"href":"https:\/\/jugenddigital.de\/index.php?rest_route=%2Fwp%2Fv2%2Fcomments&post=58"}],"version-history":[{"count":2,"href":"https:\/\/jugenddigital.de\/index.php?rest_route=\/wp\/v2\/pages\/58\/revisions"}],"predecessor-version":[{"id":60,"href":"https:\/\/jugenddigital.de\/index.php?rest_route=\/wp\/v2\/pages\/58\/revisions\/60"}],"wp:attachment":[{"href":"https:\/\/jugenddigital.de\/index.php?rest_route=%2Fwp%2Fv2%2Fmedia&parent=58"}],"curies":[{"name":"wp","href":"https:\/\/api.w.org\/{rel}","templated":true}]}}